{"id":5264,"date":"2022-04-20T15:35:03","date_gmt":"2022-04-20T13:35:03","guid":{"rendered":"https:\/\/novacode.pl\/produkty\/unkategorisiert\/dyspensery-etykiet\/"},"modified":"2023-08-25T15:00:53","modified_gmt":"2023-08-25T13:00:53","slug":"etikettenspender","status":"publish","type":"product","link":"https:\/\/novacode.pl\/de\/produkty\/drucker-etikettenapplikatoren-automation\/etikettenspender\/","title":{"rendered":"Etikettenspender"},"content":{"rendered":"","protected":false},"excerpt":{"rendered":"<p>Spender ist ein Ger\u00e4t, das das Aufkleben von Klebeetiketten erleichtert. Das Ger\u00e4t zieht das Etikett vom Tr\u00e4ger ab und f\u00fchrt es dem Bediener zu. Die Verwendung eines Etikettenspenders beschleunigt den Prozess des manuellen Auftragen von Etiketten und erh\u00f6ht die Effizienz der Produktkennzeichnung.<\/p>\n","protected":false},"featured_media":4353,"template":"","meta":{"_acf_changed":false,"inline_featured_image":false},"product_brand":[],"product_cat":[127],"product_tag":[],"class_list":{"0":"post-5264","1":"product","2":"type-product","3":"status-publish","4":"has-post-thumbnail","6":"product_cat-drucker-etikettenapplikatoren-automation","8":"first","9":"instock","10":"shipping-taxable","11":"product-type-simple"},"acf":[],"yoast_head":"<!-- This site is optimized with the Yoast SEO plugin v27.4 - https:\/\/yoast.com\/product\/yoast-seo-wordpress\/ -->\n<title>Etikettenspender | Novacode<\/title>\n<meta name=\"description\" content=\"Dyspensery etykiet od producenta Novacode \u27a4 Oferujemy profesjonalny sprz\u0119t do etykietowania produkt\u00f3w | Szybka dostawa - Sprawd\u017a!\" \/>\n<meta name=\"robots\" content=\"index, follow, max-snippet:-1, max-image-preview:large, max-video-preview:-1\" \/>\n<link rel=\"canonical\" href=\"https:\/\/novacode.pl\/de\/produkty\/drucker-etikettenapplikatoren-automation\/etikettenspender\/\" \/>\n<meta property=\"og:locale\" content=\"de_DE\" \/>\n<meta property=\"og:type\" content=\"article\" \/>\n<meta property=\"og:title\" content=\"Etikettenspender | Novacode\" \/>\n<meta property=\"og:description\" content=\"Dyspensery etykiet od producenta Novacode \u27a4 Oferujemy profesjonalny sprz\u0119t do etykietowania produkt\u00f3w | Szybka dostawa - Sprawd\u017a!\" \/>\n<meta property=\"og:url\" content=\"https:\/\/novacode.pl\/de\/produkty\/drucker-etikettenapplikatoren-automation\/etikettenspender\/\" \/>\n<meta property=\"og:site_name\" content=\"Drukarnia etykiet Novacode\" \/>\n<meta property=\"article:publisher\" content=\"https:\/\/www.facebook.com\/NovacodeOfficialPage\" \/>\n<meta property=\"article:modified_time\" content=\"2023-08-25T13:00:53+00:00\" \/>\n<meta property=\"og:image\" content=\"https:\/\/novacode.pl\/wp-content\/uploads\/2022\/04\/dyspenser-Cab-VS_120plus.jpg\" \/>\n\t<meta property=\"og:image:width\" content=\"800\" \/>\n\t<meta property=\"og:image:height\" content=\"762\" \/>\n\t<meta property=\"og:image:type\" content=\"image\/jpeg\" \/>\n<meta name=\"twitter:card\" content=\"summary_large_image\" \/>\n<script type=\"application\/ld+json\" class=\"yoast-schema-graph\">{\"@context\":\"https:\\\/\\\/schema.org\",\"@graph\":[{\"@type\":\"WebPage\",\"@id\":\"https:\\\/\\\/novacode.pl\\\/de\\\/produkty\\\/drucker-etikettenapplikatoren-automation\\\/etikettenspender\\\/\",\"url\":\"https:\\\/\\\/novacode.pl\\\/de\\\/produkty\\\/drucker-etikettenapplikatoren-automation\\\/etikettenspender\\\/\",\"name\":\"Etikettenspender | Novacode\",\"isPartOf\":{\"@id\":\"https:\\\/\\\/novacode.pl\\\/#website\"},\"primaryImageOfPage\":{\"@id\":\"https:\\\/\\\/novacode.pl\\\/de\\\/produkty\\\/drucker-etikettenapplikatoren-automation\\\/etikettenspender\\\/#primaryimage\"},\"image\":{\"@id\":\"https:\\\/\\\/novacode.pl\\\/de\\\/produkty\\\/drucker-etikettenapplikatoren-automation\\\/etikettenspender\\\/#primaryimage\"},\"thumbnailUrl\":\"https:\\\/\\\/novacode.pl\\\/wp-content\\\/uploads\\\/2022\\\/04\\\/dyspenser-Cab-VS_120plus.jpg\",\"datePublished\":\"2022-04-20T13:35:03+00:00\",\"dateModified\":\"2023-08-25T13:00:53+00:00\",\"description\":\"Dyspensery etykiet od producenta Novacode \u27a4 Oferujemy profesjonalny sprz\u0119t do etykietowania produkt\u00f3w | Szybka dostawa - Sprawd\u017a!\",\"breadcrumb\":{\"@id\":\"https:\\\/\\\/novacode.pl\\\/de\\\/produkty\\\/drucker-etikettenapplikatoren-automation\\\/etikettenspender\\\/#breadcrumb\"},\"inLanguage\":\"de\",\"potentialAction\":[{\"@type\":\"ReadAction\",\"target\":[\"https:\\\/\\\/novacode.pl\\\/de\\\/produkty\\\/drucker-etikettenapplikatoren-automation\\\/etikettenspender\\\/\"]}]},{\"@type\":\"ImageObject\",\"inLanguage\":\"de\",\"@id\":\"https:\\\/\\\/novacode.pl\\\/de\\\/produkty\\\/drucker-etikettenapplikatoren-automation\\\/etikettenspender\\\/#primaryimage\",\"url\":\"https:\\\/\\\/novacode.pl\\\/wp-content\\\/uploads\\\/2022\\\/04\\\/dyspenser-Cab-VS_120plus.jpg\",\"contentUrl\":\"https:\\\/\\\/novacode.pl\\\/wp-content\\\/uploads\\\/2022\\\/04\\\/dyspenser-Cab-VS_120plus.jpg\",\"width\":800,\"height\":762,\"caption\":\"dyspenser Cab VS_120plus\"},{\"@type\":\"BreadcrumbList\",\"@id\":\"https:\\\/\\\/novacode.pl\\\/de\\\/produkty\\\/drucker-etikettenapplikatoren-automation\\\/etikettenspender\\\/#breadcrumb\",\"itemListElement\":[{\"@type\":\"ListItem\",\"position\":1,\"name\":\"Strona g\u0142\u00f3wna\",\"item\":\"https:\\\/\\\/novacode.pl\\\/de\\\/\"},{\"@type\":\"ListItem\",\"position\":2,\"name\":\"Produkte\",\"item\":\"https:\\\/\\\/novacode.pl\\\/de\\\/produkte\\\/\"},{\"@type\":\"ListItem\",\"position\":3,\"name\":\"Etikettenspender\"}]},{\"@type\":\"WebSite\",\"@id\":\"https:\\\/\\\/novacode.pl\\\/#website\",\"url\":\"https:\\\/\\\/novacode.pl\\\/\",\"name\":\"Drukarnia etykiet Novacode\",\"description\":\"Producent etykiet samoprzylepnych\",\"publisher\":{\"@id\":\"https:\\\/\\\/novacode.pl\\\/#organization\"},\"potentialAction\":[{\"@type\":\"SearchAction\",\"target\":{\"@type\":\"EntryPoint\",\"urlTemplate\":\"https:\\\/\\\/novacode.pl\\\/?s={search_term_string}\"},\"query-input\":{\"@type\":\"PropertyValueSpecification\",\"valueRequired\":true,\"valueName\":\"search_term_string\"}}],\"inLanguage\":\"de\"},{\"@type\":\"Organization\",\"@id\":\"https:\\\/\\\/novacode.pl\\\/#organization\",\"name\":\"Drukarnia etykiet Novacode\",\"url\":\"https:\\\/\\\/novacode.pl\\\/\",\"logo\":{\"@type\":\"ImageObject\",\"inLanguage\":\"de\",\"@id\":\"https:\\\/\\\/novacode.pl\\\/#\\\/schema\\\/logo\\\/image\\\/\",\"url\":\"https:\\\/\\\/novacode.pl\\\/wp-content\\\/uploads\\\/2022\\\/03\\\/cropped-favico.png\",\"contentUrl\":\"https:\\\/\\\/novacode.pl\\\/wp-content\\\/uploads\\\/2022\\\/03\\\/cropped-favico.png\",\"width\":512,\"height\":512,\"caption\":\"Drukarnia etykiet Novacode\"},\"image\":{\"@id\":\"https:\\\/\\\/novacode.pl\\\/#\\\/schema\\\/logo\\\/image\\\/\"},\"sameAs\":[\"https:\\\/\\\/www.facebook.com\\\/NovacodeOfficialPage\"]}]}<\/script>\n<!-- \/ Yoast SEO plugin. -->","yoast_head_json":{"title":"Etikettenspender | Novacode","description":"Dyspensery etykiet od producenta Novacode \u27a4 Oferujemy profesjonalny sprz\u0119t do etykietowania produkt\u00f3w | Szybka dostawa - Sprawd\u017a!","robots":{"index":"index","follow":"follow","max-snippet":"max-snippet:-1","max-image-preview":"max-image-preview:large","max-video-preview":"max-video-preview:-1"},"canonical":"https:\/\/novacode.pl\/de\/produkty\/drucker-etikettenapplikatoren-automation\/etikettenspender\/","og_locale":"de_DE","og_type":"article","og_title":"Etikettenspender | Novacode","og_description":"Dyspensery etykiet od producenta Novacode \u27a4 Oferujemy profesjonalny sprz\u0119t do etykietowania produkt\u00f3w | Szybka dostawa - Sprawd\u017a!","og_url":"https:\/\/novacode.pl\/de\/produkty\/drucker-etikettenapplikatoren-automation\/etikettenspender\/","og_site_name":"Drukarnia etykiet Novacode","article_publisher":"https:\/\/www.facebook.com\/NovacodeOfficialPage","article_modified_time":"2023-08-25T13:00:53+00:00","og_image":[{"width":800,"height":762,"url":"https:\/\/novacode.pl\/wp-content\/uploads\/2022\/04\/dyspenser-Cab-VS_120plus.jpg","type":"image\/jpeg"}],"twitter_card":"summary_large_image","schema":{"@context":"https:\/\/schema.org","@graph":[{"@type":"WebPage","@id":"https:\/\/novacode.pl\/de\/produkty\/drucker-etikettenapplikatoren-automation\/etikettenspender\/","url":"https:\/\/novacode.pl\/de\/produkty\/drucker-etikettenapplikatoren-automation\/etikettenspender\/","name":"Etikettenspender | Novacode","isPartOf":{"@id":"https:\/\/novacode.pl\/#website"},"primaryImageOfPage":{"@id":"https:\/\/novacode.pl\/de\/produkty\/drucker-etikettenapplikatoren-automation\/etikettenspender\/#primaryimage"},"image":{"@id":"https:\/\/novacode.pl\/de\/produkty\/drucker-etikettenapplikatoren-automation\/etikettenspender\/#primaryimage"},"thumbnailUrl":"https:\/\/novacode.pl\/wp-content\/uploads\/2022\/04\/dyspenser-Cab-VS_120plus.jpg","datePublished":"2022-04-20T13:35:03+00:00","dateModified":"2023-08-25T13:00:53+00:00","description":"Dyspensery etykiet od producenta Novacode \u27a4 Oferujemy profesjonalny sprz\u0119t do etykietowania produkt\u00f3w | Szybka dostawa - Sprawd\u017a!","breadcrumb":{"@id":"https:\/\/novacode.pl\/de\/produkty\/drucker-etikettenapplikatoren-automation\/etikettenspender\/#breadcrumb"},"inLanguage":"de","potentialAction":[{"@type":"ReadAction","target":["https:\/\/novacode.pl\/de\/produkty\/drucker-etikettenapplikatoren-automation\/etikettenspender\/"]}]},{"@type":"ImageObject","inLanguage":"de","@id":"https:\/\/novacode.pl\/de\/produkty\/drucker-etikettenapplikatoren-automation\/etikettenspender\/#primaryimage","url":"https:\/\/novacode.pl\/wp-content\/uploads\/2022\/04\/dyspenser-Cab-VS_120plus.jpg","contentUrl":"https:\/\/novacode.pl\/wp-content\/uploads\/2022\/04\/dyspenser-Cab-VS_120plus.jpg","width":800,"height":762,"caption":"dyspenser Cab VS_120plus"},{"@type":"BreadcrumbList","@id":"https:\/\/novacode.pl\/de\/produkty\/drucker-etikettenapplikatoren-automation\/etikettenspender\/#breadcrumb","itemListElement":[{"@type":"ListItem","position":1,"name":"Strona g\u0142\u00f3wna","item":"https:\/\/novacode.pl\/de\/"},{"@type":"ListItem","position":2,"name":"Produkte","item":"https:\/\/novacode.pl\/de\/produkte\/"},{"@type":"ListItem","position":3,"name":"Etikettenspender"}]},{"@type":"WebSite","@id":"https:\/\/novacode.pl\/#website","url":"https:\/\/novacode.pl\/","name":"Drukarnia etykiet Novacode","description":"Producent etykiet samoprzylepnych","publisher":{"@id":"https:\/\/novacode.pl\/#organization"},"potentialAction":[{"@type":"SearchAction","target":{"@type":"EntryPoint","urlTemplate":"https:\/\/novacode.pl\/?s={search_term_string}"},"query-input":{"@type":"PropertyValueSpecification","valueRequired":true,"valueName":"search_term_string"}}],"inLanguage":"de"},{"@type":"Organization","@id":"https:\/\/novacode.pl\/#organization","name":"Drukarnia etykiet Novacode","url":"https:\/\/novacode.pl\/","logo":{"@type":"ImageObject","inLanguage":"de","@id":"https:\/\/novacode.pl\/#\/schema\/logo\/image\/","url":"https:\/\/novacode.pl\/wp-content\/uploads\/2022\/03\/cropped-favico.png","contentUrl":"https:\/\/novacode.pl\/wp-content\/uploads\/2022\/03\/cropped-favico.png","width":512,"height":512,"caption":"Drukarnia etykiet Novacode"},"image":{"@id":"https:\/\/novacode.pl\/#\/schema\/logo\/image\/"},"sameAs":["https:\/\/www.facebook.com\/NovacodeOfficialPage"]}]}},"_links":{"self":[{"href":"https:\/\/novacode.pl\/de\/wp-json\/wp\/v2\/product\/5264","targetHints":{"allow":["GET"]}}],"collection":[{"href":"https:\/\/novacode.pl\/de\/wp-json\/wp\/v2\/product"}],"about":[{"href":"https:\/\/novacode.pl\/de\/wp-json\/wp\/v2\/types\/product"}],"wp:featuredmedia":[{"embeddable":true,"href":"https:\/\/novacode.pl\/de\/wp-json\/wp\/v2\/media\/4353"}],"wp:attachment":[{"href":"https:\/\/novacode.pl\/de\/wp-json\/wp\/v2\/media?parent=5264"}],"wp:term":[{"taxonomy":"product_brand","embeddable":true,"href":"https:\/\/novacode.pl\/de\/wp-json\/wp\/v2\/product_brand?post=5264"},{"taxonomy":"product_cat","embeddable":true,"href":"https:\/\/novacode.pl\/de\/wp-json\/wp\/v2\/product_cat?post=5264"},{"taxonomy":"product_tag","embeddable":true,"href":"https:\/\/novacode.pl\/de\/wp-json\/wp\/v2\/product_tag?post=5264"}],"curies":[{"name":"wp","href":"https:\/\/api.w.org\/{rel}","templated":true}]}}