{"id":5260,"date":"2022-04-20T15:33:32","date_gmt":"2022-04-20T13:33:32","guid":{"rendered":"https:\/\/novacode.pl\/produkty\/unkategorisiert\/drukarki-rfid\/"},"modified":"2023-08-25T14:56:40","modified_gmt":"2023-08-25T12:56:40","slug":"rfid-drucker","status":"publish","type":"product","link":"https:\/\/novacode.pl\/de\/produkty\/drucker-etikettenapplikatoren-automation\/rfid-drucker\/","title":{"rendered":"RFID-Drucker"},"content":{"rendered":"","protected":false},"excerpt":{"rendered":"<p class=\"western\">RFID-Drucker werden zunehmend in industriellen Prozessen, Produktionskontrolle, Logistik, Zugangskontrolle sowie im Handel verwendet. Diese Technologie ist f\u00fcr Kunden gedacht, die nach zeitsparenden L\u00f6sungen suchen und eine st\u00e4ndige Kontrolle \u00fcber den Lagerbestand haben m\u00f6chten. RFID als ein Funkidentifikationssystem ist eine bequemere, langlebigere, diskretere und effizientere Alternative zu Barcodes.<\/p>\n","protected":false},"featured_media":4333,"template":"","meta":{"_acf_changed":false,"inline_featured_image":false},"product_brand":[],"product_cat":[127],"product_tag":[],"class_list":{"0":"post-5260","1":"product","2":"type-product","3":"status-publish","4":"has-post-thumbnail","6":"product_cat-drucker-etikettenapplikatoren-automation","7":"industry-automobil","8":"industry-bauindustrie","10":"first","11":"instock","12":"shipping-taxable","13":"product-type-simple"},"acf":[],"yoast_head":"<!-- This site is optimized with the Yoast SEO plugin v27.4 - https:\/\/yoast.com\/product\/yoast-seo-wordpress\/ -->\n<title>RFID-Drucker - Drukarnia etykiet Novacode<\/title>\n<meta name=\"description\" content=\"Drukarki RFID od producenta etykiet Novacode \u27a4 Oferujemy drukarki etykiet RFID do automatyzacji produkcji | Wysoka wydajno\u015b\u0107 i szybka dostawa - Sprawd\u017a!\" \/>\n<meta name=\"robots\" content=\"index, follow, max-snippet:-1, max-image-preview:large, max-video-preview:-1\" \/>\n<link rel=\"canonical\" href=\"https:\/\/novacode.pl\/de\/produkty\/drucker-etikettenapplikatoren-automation\/rfid-drucker\/\" \/>\n<meta property=\"og:locale\" content=\"de_DE\" \/>\n<meta property=\"og:type\" content=\"article\" \/>\n<meta property=\"og:title\" content=\"RFID-Drucker - Drukarnia etykiet Novacode\" \/>\n<meta property=\"og:description\" content=\"Drukarki RFID od producenta etykiet Novacode \u27a4 Oferujemy drukarki etykiet RFID do automatyzacji produkcji | Wysoka wydajno\u015b\u0107 i szybka dostawa - Sprawd\u017a!\" \/>\n<meta property=\"og:url\" content=\"https:\/\/novacode.pl\/de\/produkty\/drucker-etikettenapplikatoren-automation\/rfid-drucker\/\" \/>\n<meta property=\"og:site_name\" content=\"Drukarnia etykiet Novacode\" \/>\n<meta property=\"article:publisher\" content=\"https:\/\/www.facebook.com\/NovacodeOfficialPage\" \/>\n<meta property=\"article:modified_time\" content=\"2023-08-25T12:56:40+00:00\" \/>\n<meta property=\"og:image\" content=\"https:\/\/novacode.pl\/wp-content\/uploads\/2022\/04\/Zebra-ZT610-z-modulem-RFiD.jpg\" \/>\n\t<meta property=\"og:image:width\" content=\"319\" \/>\n\t<meta property=\"og:image:height\" content=\"319\" \/>\n\t<meta property=\"og:image:type\" content=\"image\/jpeg\" \/>\n<meta name=\"twitter:card\" content=\"summary_large_image\" \/>\n<script type=\"application\/ld+json\" class=\"yoast-schema-graph\">{\"@context\":\"https:\\\/\\\/schema.org\",\"@graph\":[{\"@type\":\"WebPage\",\"@id\":\"https:\\\/\\\/novacode.pl\\\/de\\\/produkty\\\/drucker-etikettenapplikatoren-automation\\\/rfid-drucker\\\/\",\"url\":\"https:\\\/\\\/novacode.pl\\\/de\\\/produkty\\\/drucker-etikettenapplikatoren-automation\\\/rfid-drucker\\\/\",\"name\":\"RFID-Drucker - Drukarnia etykiet Novacode\",\"isPartOf\":{\"@id\":\"https:\\\/\\\/novacode.pl\\\/#website\"},\"primaryImageOfPage\":{\"@id\":\"https:\\\/\\\/novacode.pl\\\/de\\\/produkty\\\/drucker-etikettenapplikatoren-automation\\\/rfid-drucker\\\/#primaryimage\"},\"image\":{\"@id\":\"https:\\\/\\\/novacode.pl\\\/de\\\/produkty\\\/drucker-etikettenapplikatoren-automation\\\/rfid-drucker\\\/#primaryimage\"},\"thumbnailUrl\":\"https:\\\/\\\/novacode.pl\\\/wp-content\\\/uploads\\\/2022\\\/04\\\/Zebra-ZT610-z-modulem-RFiD.jpg\",\"datePublished\":\"2022-04-20T13:33:32+00:00\",\"dateModified\":\"2023-08-25T12:56:40+00:00\",\"description\":\"Drukarki RFID od producenta etykiet Novacode \u27a4 Oferujemy drukarki etykiet RFID do automatyzacji produkcji | Wysoka wydajno\u015b\u0107 i szybka dostawa - Sprawd\u017a!\",\"breadcrumb\":{\"@id\":\"https:\\\/\\\/novacode.pl\\\/de\\\/produkty\\\/drucker-etikettenapplikatoren-automation\\\/rfid-drucker\\\/#breadcrumb\"},\"inLanguage\":\"de\",\"potentialAction\":[{\"@type\":\"ReadAction\",\"target\":[\"https:\\\/\\\/novacode.pl\\\/de\\\/produkty\\\/drucker-etikettenapplikatoren-automation\\\/rfid-drucker\\\/\"]}]},{\"@type\":\"ImageObject\",\"inLanguage\":\"de\",\"@id\":\"https:\\\/\\\/novacode.pl\\\/de\\\/produkty\\\/drucker-etikettenapplikatoren-automation\\\/rfid-drucker\\\/#primaryimage\",\"url\":\"https:\\\/\\\/novacode.pl\\\/wp-content\\\/uploads\\\/2022\\\/04\\\/Zebra-ZT610-z-modulem-RFiD.jpg\",\"contentUrl\":\"https:\\\/\\\/novacode.pl\\\/wp-content\\\/uploads\\\/2022\\\/04\\\/Zebra-ZT610-z-modulem-RFiD.jpg\",\"width\":319,\"height\":319,\"caption\":\"drukarka Zebra ZT610 z modu\u0142em RFiD\"},{\"@type\":\"BreadcrumbList\",\"@id\":\"https:\\\/\\\/novacode.pl\\\/de\\\/produkty\\\/drucker-etikettenapplikatoren-automation\\\/rfid-drucker\\\/#breadcrumb\",\"itemListElement\":[{\"@type\":\"ListItem\",\"position\":1,\"name\":\"Strona g\u0142\u00f3wna\",\"item\":\"https:\\\/\\\/novacode.pl\\\/de\\\/\"},{\"@type\":\"ListItem\",\"position\":2,\"name\":\"Produkte\",\"item\":\"https:\\\/\\\/novacode.pl\\\/de\\\/produkte\\\/\"},{\"@type\":\"ListItem\",\"position\":3,\"name\":\"RFID-Drucker\"}]},{\"@type\":\"WebSite\",\"@id\":\"https:\\\/\\\/novacode.pl\\\/#website\",\"url\":\"https:\\\/\\\/novacode.pl\\\/\",\"name\":\"Drukarnia etykiet Novacode\",\"description\":\"Producent etykiet samoprzylepnych\",\"publisher\":{\"@id\":\"https:\\\/\\\/novacode.pl\\\/#organization\"},\"potentialAction\":[{\"@type\":\"SearchAction\",\"target\":{\"@type\":\"EntryPoint\",\"urlTemplate\":\"https:\\\/\\\/novacode.pl\\\/?s={search_term_string}\"},\"query-input\":{\"@type\":\"PropertyValueSpecification\",\"valueRequired\":true,\"valueName\":\"search_term_string\"}}],\"inLanguage\":\"de\"},{\"@type\":\"Organization\",\"@id\":\"https:\\\/\\\/novacode.pl\\\/#organization\",\"name\":\"Drukarnia etykiet Novacode\",\"url\":\"https:\\\/\\\/novacode.pl\\\/\",\"logo\":{\"@type\":\"ImageObject\",\"inLanguage\":\"de\",\"@id\":\"https:\\\/\\\/novacode.pl\\\/#\\\/schema\\\/logo\\\/image\\\/\",\"url\":\"https:\\\/\\\/novacode.pl\\\/wp-content\\\/uploads\\\/2022\\\/03\\\/cropped-favico.png\",\"contentUrl\":\"https:\\\/\\\/novacode.pl\\\/wp-content\\\/uploads\\\/2022\\\/03\\\/cropped-favico.png\",\"width\":512,\"height\":512,\"caption\":\"Drukarnia etykiet Novacode\"},\"image\":{\"@id\":\"https:\\\/\\\/novacode.pl\\\/#\\\/schema\\\/logo\\\/image\\\/\"},\"sameAs\":[\"https:\\\/\\\/www.facebook.com\\\/NovacodeOfficialPage\"]}]}<\/script>\n<!-- \/ Yoast SEO plugin. -->","yoast_head_json":{"title":"RFID-Drucker - Drukarnia etykiet Novacode","description":"Drukarki RFID od producenta etykiet Novacode \u27a4 Oferujemy drukarki etykiet RFID do automatyzacji produkcji | Wysoka wydajno\u015b\u0107 i szybka dostawa - Sprawd\u017a!","robots":{"index":"index","follow":"follow","max-snippet":"max-snippet:-1","max-image-preview":"max-image-preview:large","max-video-preview":"max-video-preview:-1"},"canonical":"https:\/\/novacode.pl\/de\/produkty\/drucker-etikettenapplikatoren-automation\/rfid-drucker\/","og_locale":"de_DE","og_type":"article","og_title":"RFID-Drucker - Drukarnia etykiet Novacode","og_description":"Drukarki RFID od producenta etykiet Novacode \u27a4 Oferujemy drukarki etykiet RFID do automatyzacji produkcji | Wysoka wydajno\u015b\u0107 i szybka dostawa - Sprawd\u017a!","og_url":"https:\/\/novacode.pl\/de\/produkty\/drucker-etikettenapplikatoren-automation\/rfid-drucker\/","og_site_name":"Drukarnia etykiet Novacode","article_publisher":"https:\/\/www.facebook.com\/NovacodeOfficialPage","article_modified_time":"2023-08-25T12:56:40+00:00","og_image":[{"width":319,"height":319,"url":"https:\/\/novacode.pl\/wp-content\/uploads\/2022\/04\/Zebra-ZT610-z-modulem-RFiD.jpg","type":"image\/jpeg"}],"twitter_card":"summary_large_image","schema":{"@context":"https:\/\/schema.org","@graph":[{"@type":"WebPage","@id":"https:\/\/novacode.pl\/de\/produkty\/drucker-etikettenapplikatoren-automation\/rfid-drucker\/","url":"https:\/\/novacode.pl\/de\/produkty\/drucker-etikettenapplikatoren-automation\/rfid-drucker\/","name":"RFID-Drucker - Drukarnia etykiet Novacode","isPartOf":{"@id":"https:\/\/novacode.pl\/#website"},"primaryImageOfPage":{"@id":"https:\/\/novacode.pl\/de\/produkty\/drucker-etikettenapplikatoren-automation\/rfid-drucker\/#primaryimage"},"image":{"@id":"https:\/\/novacode.pl\/de\/produkty\/drucker-etikettenapplikatoren-automation\/rfid-drucker\/#primaryimage"},"thumbnailUrl":"https:\/\/novacode.pl\/wp-content\/uploads\/2022\/04\/Zebra-ZT610-z-modulem-RFiD.jpg","datePublished":"2022-04-20T13:33:32+00:00","dateModified":"2023-08-25T12:56:40+00:00","description":"Drukarki RFID od producenta etykiet Novacode \u27a4 Oferujemy drukarki etykiet RFID do automatyzacji produkcji | Wysoka wydajno\u015b\u0107 i szybka dostawa - Sprawd\u017a!","breadcrumb":{"@id":"https:\/\/novacode.pl\/de\/produkty\/drucker-etikettenapplikatoren-automation\/rfid-drucker\/#breadcrumb"},"inLanguage":"de","potentialAction":[{"@type":"ReadAction","target":["https:\/\/novacode.pl\/de\/produkty\/drucker-etikettenapplikatoren-automation\/rfid-drucker\/"]}]},{"@type":"ImageObject","inLanguage":"de","@id":"https:\/\/novacode.pl\/de\/produkty\/drucker-etikettenapplikatoren-automation\/rfid-drucker\/#primaryimage","url":"https:\/\/novacode.pl\/wp-content\/uploads\/2022\/04\/Zebra-ZT610-z-modulem-RFiD.jpg","contentUrl":"https:\/\/novacode.pl\/wp-content\/uploads\/2022\/04\/Zebra-ZT610-z-modulem-RFiD.jpg","width":319,"height":319,"caption":"drukarka Zebra ZT610 z modu\u0142em RFiD"},{"@type":"BreadcrumbList","@id":"https:\/\/novacode.pl\/de\/produkty\/drucker-etikettenapplikatoren-automation\/rfid-drucker\/#breadcrumb","itemListElement":[{"@type":"ListItem","position":1,"name":"Strona g\u0142\u00f3wna","item":"https:\/\/novacode.pl\/de\/"},{"@type":"ListItem","position":2,"name":"Produkte","item":"https:\/\/novacode.pl\/de\/produkte\/"},{"@type":"ListItem","position":3,"name":"RFID-Drucker"}]},{"@type":"WebSite","@id":"https:\/\/novacode.pl\/#website","url":"https:\/\/novacode.pl\/","name":"Drukarnia etykiet Novacode","description":"Producent etykiet samoprzylepnych","publisher":{"@id":"https:\/\/novacode.pl\/#organization"},"potentialAction":[{"@type":"SearchAction","target":{"@type":"EntryPoint","urlTemplate":"https:\/\/novacode.pl\/?s={search_term_string}"},"query-input":{"@type":"PropertyValueSpecification","valueRequired":true,"valueName":"search_term_string"}}],"inLanguage":"de"},{"@type":"Organization","@id":"https:\/\/novacode.pl\/#organization","name":"Drukarnia etykiet Novacode","url":"https:\/\/novacode.pl\/","logo":{"@type":"ImageObject","inLanguage":"de","@id":"https:\/\/novacode.pl\/#\/schema\/logo\/image\/","url":"https:\/\/novacode.pl\/wp-content\/uploads\/2022\/03\/cropped-favico.png","contentUrl":"https:\/\/novacode.pl\/wp-content\/uploads\/2022\/03\/cropped-favico.png","width":512,"height":512,"caption":"Drukarnia etykiet Novacode"},"image":{"@id":"https:\/\/novacode.pl\/#\/schema\/logo\/image\/"},"sameAs":["https:\/\/www.facebook.com\/NovacodeOfficialPage"]}]}},"_links":{"self":[{"href":"https:\/\/novacode.pl\/de\/wp-json\/wp\/v2\/product\/5260","targetHints":{"allow":["GET"]}}],"collection":[{"href":"https:\/\/novacode.pl\/de\/wp-json\/wp\/v2\/product"}],"about":[{"href":"https:\/\/novacode.pl\/de\/wp-json\/wp\/v2\/types\/product"}],"wp:featuredmedia":[{"embeddable":true,"href":"https:\/\/novacode.pl\/de\/wp-json\/wp\/v2\/media\/4333"}],"wp:attachment":[{"href":"https:\/\/novacode.pl\/de\/wp-json\/wp\/v2\/media?parent=5260"}],"wp:term":[{"taxonomy":"product_brand","embeddable":true,"href":"https:\/\/novacode.pl\/de\/wp-json\/wp\/v2\/product_brand?post=5260"},{"taxonomy":"product_cat","embeddable":true,"href":"https:\/\/novacode.pl\/de\/wp-json\/wp\/v2\/product_cat?post=5260"},{"taxonomy":"product_tag","embeddable":true,"href":"https:\/\/novacode.pl\/de\/wp-json\/wp\/v2\/product_tag?post=5260"}],"curies":[{"name":"wp","href":"https:\/\/api.w.org\/{rel}","templated":true}]}}