{"id":5255,"date":"2022-04-20T15:32:01","date_gmt":"2022-04-20T13:32:01","guid":{"rendered":"https:\/\/novacode.pl\/produkty\/unkategorisiert\/drukarki-polprzemyslowe\/"},"modified":"2023-08-25T14:49:50","modified_gmt":"2023-08-25T12:49:50","slug":"halbindustrielle-drucker","status":"publish","type":"product","link":"https:\/\/novacode.pl\/de\/produkty\/drucker-etikettenapplikatoren-automation\/halbindustrielle-drucker\/","title":{"rendered":"Halbindustrielle Drucker"},"content":{"rendered":"","protected":false},"excerpt":{"rendered":"<p>Effektive Produktkennzeichnung im Unternehmen kann die Verwendung von Ger\u00e4ten erfordern, die f\u00fcr intensiven Betrieb geeignet aber gleichzeitig kompakt sind. Die Antwort auf diese Bed\u00fcrfnisse sind halbindustrielle Drucker.<\/p>\n","protected":false},"featured_media":4306,"template":"","meta":{"_acf_changed":false,"inline_featured_image":false},"product_brand":[],"product_cat":[127],"product_tag":[],"class_list":{"0":"post-5255","1":"product","2":"type-product","3":"status-publish","4":"has-post-thumbnail","6":"product_cat-drucker-etikettenapplikatoren-automation","8":"first","9":"instock","10":"shipping-taxable","11":"product-type-simple"},"acf":[],"yoast_head":"<!-- This site is optimized with the Yoast SEO plugin v27.4 - https:\/\/yoast.com\/product\/yoast-seo-wordpress\/ -->\n<title>Halbindustrielle Drucker | Novacode<\/title>\n<meta name=\"description\" content=\"Drukarki p\u00f3\u0142przemys\u0142owe w ofercie Novacode \u27a4 Urz\u0105dzenia do automatyzacji procesu etykietowania w dla przemys\u0142u, produkcji, magazyn\u00f3w | Sprawd\u017a teraz!\" \/>\n<meta name=\"robots\" content=\"index, follow, max-snippet:-1, max-image-preview:large, max-video-preview:-1\" \/>\n<link rel=\"canonical\" href=\"https:\/\/novacode.pl\/de\/produkty\/drucker-etikettenapplikatoren-automation\/halbindustrielle-drucker\/\" \/>\n<meta property=\"og:locale\" content=\"de_DE\" \/>\n<meta property=\"og:type\" content=\"article\" \/>\n<meta property=\"og:title\" content=\"Halbindustrielle Drucker | Novacode\" \/>\n<meta property=\"og:description\" content=\"Drukarki p\u00f3\u0142przemys\u0142owe w ofercie Novacode \u27a4 Urz\u0105dzenia do automatyzacji procesu etykietowania w dla przemys\u0142u, produkcji, magazyn\u00f3w | Sprawd\u017a teraz!\" \/>\n<meta property=\"og:url\" content=\"https:\/\/novacode.pl\/de\/produkty\/drucker-etikettenapplikatoren-automation\/halbindustrielle-drucker\/\" \/>\n<meta property=\"og:site_name\" content=\"Drukarnia etykiet Novacode\" \/>\n<meta property=\"article:publisher\" content=\"https:\/\/www.facebook.com\/NovacodeOfficialPage\" \/>\n<meta property=\"article:modified_time\" content=\"2023-08-25T12:49:50+00:00\" \/>\n<meta property=\"og:image\" content=\"https:\/\/novacode.pl\/wp-content\/uploads\/2022\/04\/Zebra_ZT200.jpg\" \/>\n\t<meta property=\"og:image:width\" content=\"700\" \/>\n\t<meta property=\"og:image:height\" content=\"700\" \/>\n\t<meta property=\"og:image:type\" content=\"image\/jpeg\" \/>\n<meta name=\"twitter:card\" content=\"summary_large_image\" \/>\n<script type=\"application\/ld+json\" class=\"yoast-schema-graph\">{\"@context\":\"https:\\\/\\\/schema.org\",\"@graph\":[{\"@type\":\"WebPage\",\"@id\":\"https:\\\/\\\/novacode.pl\\\/de\\\/produkty\\\/drucker-etikettenapplikatoren-automation\\\/halbindustrielle-drucker\\\/\",\"url\":\"https:\\\/\\\/novacode.pl\\\/de\\\/produkty\\\/drucker-etikettenapplikatoren-automation\\\/halbindustrielle-drucker\\\/\",\"name\":\"Halbindustrielle Drucker | Novacode\",\"isPartOf\":{\"@id\":\"https:\\\/\\\/novacode.pl\\\/#website\"},\"primaryImageOfPage\":{\"@id\":\"https:\\\/\\\/novacode.pl\\\/de\\\/produkty\\\/drucker-etikettenapplikatoren-automation\\\/halbindustrielle-drucker\\\/#primaryimage\"},\"image\":{\"@id\":\"https:\\\/\\\/novacode.pl\\\/de\\\/produkty\\\/drucker-etikettenapplikatoren-automation\\\/halbindustrielle-drucker\\\/#primaryimage\"},\"thumbnailUrl\":\"https:\\\/\\\/novacode.pl\\\/wp-content\\\/uploads\\\/2022\\\/04\\\/Zebra_ZT200.jpg\",\"datePublished\":\"2022-04-20T13:32:01+00:00\",\"dateModified\":\"2023-08-25T12:49:50+00:00\",\"description\":\"Drukarki p\u00f3\u0142przemys\u0142owe w ofercie Novacode \u27a4 Urz\u0105dzenia do automatyzacji procesu etykietowania w dla przemys\u0142u, produkcji, magazyn\u00f3w | Sprawd\u017a teraz!\",\"breadcrumb\":{\"@id\":\"https:\\\/\\\/novacode.pl\\\/de\\\/produkty\\\/drucker-etikettenapplikatoren-automation\\\/halbindustrielle-drucker\\\/#breadcrumb\"},\"inLanguage\":\"de\",\"potentialAction\":[{\"@type\":\"ReadAction\",\"target\":[\"https:\\\/\\\/novacode.pl\\\/de\\\/produkty\\\/drucker-etikettenapplikatoren-automation\\\/halbindustrielle-drucker\\\/\"]}]},{\"@type\":\"ImageObject\",\"inLanguage\":\"de\",\"@id\":\"https:\\\/\\\/novacode.pl\\\/de\\\/produkty\\\/drucker-etikettenapplikatoren-automation\\\/halbindustrielle-drucker\\\/#primaryimage\",\"url\":\"https:\\\/\\\/novacode.pl\\\/wp-content\\\/uploads\\\/2022\\\/04\\\/Zebra_ZT200.jpg\",\"contentUrl\":\"https:\\\/\\\/novacode.pl\\\/wp-content\\\/uploads\\\/2022\\\/04\\\/Zebra_ZT200.jpg\",\"width\":700,\"height\":700,\"caption\":\"Zebra_ZT200 - drukarka etykiet p\u00f3\u0142przemys\u0142owa\"},{\"@type\":\"BreadcrumbList\",\"@id\":\"https:\\\/\\\/novacode.pl\\\/de\\\/produkty\\\/drucker-etikettenapplikatoren-automation\\\/halbindustrielle-drucker\\\/#breadcrumb\",\"itemListElement\":[{\"@type\":\"ListItem\",\"position\":1,\"name\":\"Strona g\u0142\u00f3wna\",\"item\":\"https:\\\/\\\/novacode.pl\\\/de\\\/\"},{\"@type\":\"ListItem\",\"position\":2,\"name\":\"Produkte\",\"item\":\"https:\\\/\\\/novacode.pl\\\/de\\\/produkte\\\/\"},{\"@type\":\"ListItem\",\"position\":3,\"name\":\"Halbindustrielle Drucker\"}]},{\"@type\":\"WebSite\",\"@id\":\"https:\\\/\\\/novacode.pl\\\/#website\",\"url\":\"https:\\\/\\\/novacode.pl\\\/\",\"name\":\"Drukarnia etykiet Novacode\",\"description\":\"Producent etykiet samoprzylepnych\",\"publisher\":{\"@id\":\"https:\\\/\\\/novacode.pl\\\/#organization\"},\"potentialAction\":[{\"@type\":\"SearchAction\",\"target\":{\"@type\":\"EntryPoint\",\"urlTemplate\":\"https:\\\/\\\/novacode.pl\\\/?s={search_term_string}\"},\"query-input\":{\"@type\":\"PropertyValueSpecification\",\"valueRequired\":true,\"valueName\":\"search_term_string\"}}],\"inLanguage\":\"de\"},{\"@type\":\"Organization\",\"@id\":\"https:\\\/\\\/novacode.pl\\\/#organization\",\"name\":\"Drukarnia etykiet Novacode\",\"url\":\"https:\\\/\\\/novacode.pl\\\/\",\"logo\":{\"@type\":\"ImageObject\",\"inLanguage\":\"de\",\"@id\":\"https:\\\/\\\/novacode.pl\\\/#\\\/schema\\\/logo\\\/image\\\/\",\"url\":\"https:\\\/\\\/novacode.pl\\\/wp-content\\\/uploads\\\/2022\\\/03\\\/cropped-favico.png\",\"contentUrl\":\"https:\\\/\\\/novacode.pl\\\/wp-content\\\/uploads\\\/2022\\\/03\\\/cropped-favico.png\",\"width\":512,\"height\":512,\"caption\":\"Drukarnia etykiet Novacode\"},\"image\":{\"@id\":\"https:\\\/\\\/novacode.pl\\\/#\\\/schema\\\/logo\\\/image\\\/\"},\"sameAs\":[\"https:\\\/\\\/www.facebook.com\\\/NovacodeOfficialPage\"]}]}<\/script>\n<!-- \/ Yoast SEO plugin. -->","yoast_head_json":{"title":"Halbindustrielle Drucker | Novacode","description":"Drukarki p\u00f3\u0142przemys\u0142owe w ofercie Novacode \u27a4 Urz\u0105dzenia do automatyzacji procesu etykietowania w dla przemys\u0142u, produkcji, magazyn\u00f3w | Sprawd\u017a teraz!","robots":{"index":"index","follow":"follow","max-snippet":"max-snippet:-1","max-image-preview":"max-image-preview:large","max-video-preview":"max-video-preview:-1"},"canonical":"https:\/\/novacode.pl\/de\/produkty\/drucker-etikettenapplikatoren-automation\/halbindustrielle-drucker\/","og_locale":"de_DE","og_type":"article","og_title":"Halbindustrielle Drucker | Novacode","og_description":"Drukarki p\u00f3\u0142przemys\u0142owe w ofercie Novacode \u27a4 Urz\u0105dzenia do automatyzacji procesu etykietowania w dla przemys\u0142u, produkcji, magazyn\u00f3w | Sprawd\u017a teraz!","og_url":"https:\/\/novacode.pl\/de\/produkty\/drucker-etikettenapplikatoren-automation\/halbindustrielle-drucker\/","og_site_name":"Drukarnia etykiet Novacode","article_publisher":"https:\/\/www.facebook.com\/NovacodeOfficialPage","article_modified_time":"2023-08-25T12:49:50+00:00","og_image":[{"width":700,"height":700,"url":"https:\/\/novacode.pl\/wp-content\/uploads\/2022\/04\/Zebra_ZT200.jpg","type":"image\/jpeg"}],"twitter_card":"summary_large_image","schema":{"@context":"https:\/\/schema.org","@graph":[{"@type":"WebPage","@id":"https:\/\/novacode.pl\/de\/produkty\/drucker-etikettenapplikatoren-automation\/halbindustrielle-drucker\/","url":"https:\/\/novacode.pl\/de\/produkty\/drucker-etikettenapplikatoren-automation\/halbindustrielle-drucker\/","name":"Halbindustrielle Drucker | Novacode","isPartOf":{"@id":"https:\/\/novacode.pl\/#website"},"primaryImageOfPage":{"@id":"https:\/\/novacode.pl\/de\/produkty\/drucker-etikettenapplikatoren-automation\/halbindustrielle-drucker\/#primaryimage"},"image":{"@id":"https:\/\/novacode.pl\/de\/produkty\/drucker-etikettenapplikatoren-automation\/halbindustrielle-drucker\/#primaryimage"},"thumbnailUrl":"https:\/\/novacode.pl\/wp-content\/uploads\/2022\/04\/Zebra_ZT200.jpg","datePublished":"2022-04-20T13:32:01+00:00","dateModified":"2023-08-25T12:49:50+00:00","description":"Drukarki p\u00f3\u0142przemys\u0142owe w ofercie Novacode \u27a4 Urz\u0105dzenia do automatyzacji procesu etykietowania w dla przemys\u0142u, produkcji, magazyn\u00f3w | Sprawd\u017a teraz!","breadcrumb":{"@id":"https:\/\/novacode.pl\/de\/produkty\/drucker-etikettenapplikatoren-automation\/halbindustrielle-drucker\/#breadcrumb"},"inLanguage":"de","potentialAction":[{"@type":"ReadAction","target":["https:\/\/novacode.pl\/de\/produkty\/drucker-etikettenapplikatoren-automation\/halbindustrielle-drucker\/"]}]},{"@type":"ImageObject","inLanguage":"de","@id":"https:\/\/novacode.pl\/de\/produkty\/drucker-etikettenapplikatoren-automation\/halbindustrielle-drucker\/#primaryimage","url":"https:\/\/novacode.pl\/wp-content\/uploads\/2022\/04\/Zebra_ZT200.jpg","contentUrl":"https:\/\/novacode.pl\/wp-content\/uploads\/2022\/04\/Zebra_ZT200.jpg","width":700,"height":700,"caption":"Zebra_ZT200 - drukarka etykiet p\u00f3\u0142przemys\u0142owa"},{"@type":"BreadcrumbList","@id":"https:\/\/novacode.pl\/de\/produkty\/drucker-etikettenapplikatoren-automation\/halbindustrielle-drucker\/#breadcrumb","itemListElement":[{"@type":"ListItem","position":1,"name":"Strona g\u0142\u00f3wna","item":"https:\/\/novacode.pl\/de\/"},{"@type":"ListItem","position":2,"name":"Produkte","item":"https:\/\/novacode.pl\/de\/produkte\/"},{"@type":"ListItem","position":3,"name":"Halbindustrielle Drucker"}]},{"@type":"WebSite","@id":"https:\/\/novacode.pl\/#website","url":"https:\/\/novacode.pl\/","name":"Drukarnia etykiet Novacode","description":"Producent etykiet samoprzylepnych","publisher":{"@id":"https:\/\/novacode.pl\/#organization"},"potentialAction":[{"@type":"SearchAction","target":{"@type":"EntryPoint","urlTemplate":"https:\/\/novacode.pl\/?s={search_term_string}"},"query-input":{"@type":"PropertyValueSpecification","valueRequired":true,"valueName":"search_term_string"}}],"inLanguage":"de"},{"@type":"Organization","@id":"https:\/\/novacode.pl\/#organization","name":"Drukarnia etykiet Novacode","url":"https:\/\/novacode.pl\/","logo":{"@type":"ImageObject","inLanguage":"de","@id":"https:\/\/novacode.pl\/#\/schema\/logo\/image\/","url":"https:\/\/novacode.pl\/wp-content\/uploads\/2022\/03\/cropped-favico.png","contentUrl":"https:\/\/novacode.pl\/wp-content\/uploads\/2022\/03\/cropped-favico.png","width":512,"height":512,"caption":"Drukarnia etykiet Novacode"},"image":{"@id":"https:\/\/novacode.pl\/#\/schema\/logo\/image\/"},"sameAs":["https:\/\/www.facebook.com\/NovacodeOfficialPage"]}]}},"_links":{"self":[{"href":"https:\/\/novacode.pl\/de\/wp-json\/wp\/v2\/product\/5255","targetHints":{"allow":["GET"]}}],"collection":[{"href":"https:\/\/novacode.pl\/de\/wp-json\/wp\/v2\/product"}],"about":[{"href":"https:\/\/novacode.pl\/de\/wp-json\/wp\/v2\/types\/product"}],"wp:featuredmedia":[{"embeddable":true,"href":"https:\/\/novacode.pl\/de\/wp-json\/wp\/v2\/media\/4306"}],"wp:attachment":[{"href":"https:\/\/novacode.pl\/de\/wp-json\/wp\/v2\/media?parent=5255"}],"wp:term":[{"taxonomy":"product_brand","embeddable":true,"href":"https:\/\/novacode.pl\/de\/wp-json\/wp\/v2\/product_brand?post=5255"},{"taxonomy":"product_cat","embeddable":true,"href":"https:\/\/novacode.pl\/de\/wp-json\/wp\/v2\/product_cat?post=5255"},{"taxonomy":"product_tag","embeddable":true,"href":"https:\/\/novacode.pl\/de\/wp-json\/wp\/v2\/product_tag?post=5255"}],"curies":[{"name":"wp","href":"https:\/\/api.w.org\/{rel}","templated":true}]}}