{"id":5251,"date":"2022-04-20T15:34:41","date_gmt":"2022-04-20T13:34:41","guid":{"rendered":"https:\/\/novacode.pl\/produkty\/unkategorisiert\/czytniki-kodow\/"},"modified":"2023-10-06T15:07:43","modified_gmt":"2023-10-06T13:07:43","slug":"barcode-scanner","status":"publish","type":"product","link":"https:\/\/novacode.pl\/de\/produkty\/drucker-etikettenapplikatoren-automation\/barcode-scanner\/","title":{"rendered":"Barcode-Scanner"},"content":{"rendered":"","protected":false},"excerpt":{"rendered":"<p>Codeleser eignen sich hervorragend zum Etiketten Identifizierung, die auf Gegenst\u00e4nden aufgeklebt sind. Mit ihnen kann man sowohl Strichcodes als auch 2D-Codes ablesen, die direkt auf Objekten aufgetragen sind. Es vereinfacht die Automatisierung von Produktion und Lagerung.<\/p>\n<p>Wir bieten eine gro\u00dfe Auswahl an Barcode- und 2D-Lesegern an, darunter Handleser, station\u00e4re Leser und kabellose Leser, die sowohl f\u00fcr die kommerzielle als auch industrielle Verwendung entwickelt wurden. Dar\u00fcber hinaus bieten wir Ger\u00e4te an, die Codes ohne visuelle Schicht ablesen, d.h. RFID-Leser.<\/p>\n","protected":false},"featured_media":4343,"template":"","meta":{"_acf_changed":false,"inline_featured_image":false},"product_brand":[],"product_cat":[127],"product_tag":[],"class_list":{"0":"post-5251","1":"product","2":"type-product","3":"status-publish","4":"has-post-thumbnail","6":"product_cat-drucker-etikettenapplikatoren-automation","8":"first","9":"instock","10":"shipping-taxable","11":"product-type-simple"},"acf":[],"yoast_head":"<!-- This site is optimized with the Yoast SEO plugin v27.4 - https:\/\/yoast.com\/product\/yoast-seo-wordpress\/ -->\n<title>Barcode-Scanner - Drukarnia etykiet Novacode<\/title>\n<meta name=\"description\" content=\"Czytniki kod\u00f3w od producenta Novacode \u27a4 Oferujemy czytniki kod\u00f3w kreskowych i 2D do identyfikacji etykiet | Wysoka jako\u015b\u0107 i profesjonalne wyko\u0144czenie - Sprawd\u017a!\" \/>\n<meta name=\"robots\" content=\"index, follow, max-snippet:-1, max-image-preview:large, max-video-preview:-1\" \/>\n<link rel=\"canonical\" href=\"https:\/\/novacode.pl\/de\/produkty\/drucker-etikettenapplikatoren-automation\/barcode-scanner\/\" \/>\n<meta property=\"og:locale\" content=\"de_DE\" \/>\n<meta property=\"og:type\" content=\"article\" \/>\n<meta property=\"og:title\" content=\"Barcode-Scanner - Drukarnia etykiet Novacode\" \/>\n<meta property=\"og:description\" content=\"Czytniki kod\u00f3w od producenta Novacode \u27a4 Oferujemy czytniki kod\u00f3w kreskowych i 2D do identyfikacji etykiet | Wysoka jako\u015b\u0107 i profesjonalne wyko\u0144czenie - Sprawd\u017a!\" \/>\n<meta property=\"og:url\" content=\"https:\/\/novacode.pl\/de\/produkty\/drucker-etikettenapplikatoren-automation\/barcode-scanner\/\" \/>\n<meta property=\"og:site_name\" content=\"Drukarnia etykiet Novacode\" \/>\n<meta property=\"article:publisher\" content=\"https:\/\/www.facebook.com\/NovacodeOfficialPage\" \/>\n<meta property=\"article:modified_time\" content=\"2023-10-06T13:07:43+00:00\" \/>\n<meta property=\"og:image\" content=\"https:\/\/novacode.pl\/wp-content\/uploads\/2022\/04\/zebra-li3608.jpg\" \/>\n\t<meta property=\"og:image:width\" content=\"800\" \/>\n\t<meta property=\"og:image:height\" content=\"800\" \/>\n\t<meta property=\"og:image:type\" content=\"image\/jpeg\" \/>\n<meta name=\"twitter:card\" content=\"summary_large_image\" \/>\n<script type=\"application\/ld+json\" class=\"yoast-schema-graph\">{\"@context\":\"https:\\\/\\\/schema.org\",\"@graph\":[{\"@type\":\"WebPage\",\"@id\":\"https:\\\/\\\/novacode.pl\\\/de\\\/produkty\\\/drucker-etikettenapplikatoren-automation\\\/barcode-scanner\\\/\",\"url\":\"https:\\\/\\\/novacode.pl\\\/de\\\/produkty\\\/drucker-etikettenapplikatoren-automation\\\/barcode-scanner\\\/\",\"name\":\"Barcode-Scanner - Drukarnia etykiet Novacode\",\"isPartOf\":{\"@id\":\"https:\\\/\\\/novacode.pl\\\/#website\"},\"primaryImageOfPage\":{\"@id\":\"https:\\\/\\\/novacode.pl\\\/de\\\/produkty\\\/drucker-etikettenapplikatoren-automation\\\/barcode-scanner\\\/#primaryimage\"},\"image\":{\"@id\":\"https:\\\/\\\/novacode.pl\\\/de\\\/produkty\\\/drucker-etikettenapplikatoren-automation\\\/barcode-scanner\\\/#primaryimage\"},\"thumbnailUrl\":\"https:\\\/\\\/novacode.pl\\\/wp-content\\\/uploads\\\/2022\\\/04\\\/zebra-li3608.jpg\",\"datePublished\":\"2022-04-20T13:34:41+00:00\",\"dateModified\":\"2023-10-06T13:07:43+00:00\",\"description\":\"Czytniki kod\u00f3w od producenta Novacode \u27a4 Oferujemy czytniki kod\u00f3w kreskowych i 2D do identyfikacji etykiet | Wysoka jako\u015b\u0107 i profesjonalne wyko\u0144czenie - Sprawd\u017a!\",\"breadcrumb\":{\"@id\":\"https:\\\/\\\/novacode.pl\\\/de\\\/produkty\\\/drucker-etikettenapplikatoren-automation\\\/barcode-scanner\\\/#breadcrumb\"},\"inLanguage\":\"de\",\"potentialAction\":[{\"@type\":\"ReadAction\",\"target\":[\"https:\\\/\\\/novacode.pl\\\/de\\\/produkty\\\/drucker-etikettenapplikatoren-automation\\\/barcode-scanner\\\/\"]}]},{\"@type\":\"ImageObject\",\"inLanguage\":\"de\",\"@id\":\"https:\\\/\\\/novacode.pl\\\/de\\\/produkty\\\/drucker-etikettenapplikatoren-automation\\\/barcode-scanner\\\/#primaryimage\",\"url\":\"https:\\\/\\\/novacode.pl\\\/wp-content\\\/uploads\\\/2022\\\/04\\\/zebra-li3608.jpg\",\"contentUrl\":\"https:\\\/\\\/novacode.pl\\\/wp-content\\\/uploads\\\/2022\\\/04\\\/zebra-li3608.jpg\",\"width\":800,\"height\":800,\"caption\":\"zebra-li3608 - czytnik kod\u00f3w kreskowych\"},{\"@type\":\"BreadcrumbList\",\"@id\":\"https:\\\/\\\/novacode.pl\\\/de\\\/produkty\\\/drucker-etikettenapplikatoren-automation\\\/barcode-scanner\\\/#breadcrumb\",\"itemListElement\":[{\"@type\":\"ListItem\",\"position\":1,\"name\":\"Strona g\u0142\u00f3wna\",\"item\":\"https:\\\/\\\/novacode.pl\\\/de\\\/\"},{\"@type\":\"ListItem\",\"position\":2,\"name\":\"Produkte\",\"item\":\"https:\\\/\\\/novacode.pl\\\/de\\\/produkte\\\/\"},{\"@type\":\"ListItem\",\"position\":3,\"name\":\"Barcode-Scanner\"}]},{\"@type\":\"WebSite\",\"@id\":\"https:\\\/\\\/novacode.pl\\\/#website\",\"url\":\"https:\\\/\\\/novacode.pl\\\/\",\"name\":\"Drukarnia etykiet Novacode\",\"description\":\"Producent etykiet samoprzylepnych\",\"publisher\":{\"@id\":\"https:\\\/\\\/novacode.pl\\\/#organization\"},\"potentialAction\":[{\"@type\":\"SearchAction\",\"target\":{\"@type\":\"EntryPoint\",\"urlTemplate\":\"https:\\\/\\\/novacode.pl\\\/?s={search_term_string}\"},\"query-input\":{\"@type\":\"PropertyValueSpecification\",\"valueRequired\":true,\"valueName\":\"search_term_string\"}}],\"inLanguage\":\"de\"},{\"@type\":\"Organization\",\"@id\":\"https:\\\/\\\/novacode.pl\\\/#organization\",\"name\":\"Drukarnia etykiet Novacode\",\"url\":\"https:\\\/\\\/novacode.pl\\\/\",\"logo\":{\"@type\":\"ImageObject\",\"inLanguage\":\"de\",\"@id\":\"https:\\\/\\\/novacode.pl\\\/#\\\/schema\\\/logo\\\/image\\\/\",\"url\":\"https:\\\/\\\/novacode.pl\\\/wp-content\\\/uploads\\\/2022\\\/03\\\/cropped-favico.png\",\"contentUrl\":\"https:\\\/\\\/novacode.pl\\\/wp-content\\\/uploads\\\/2022\\\/03\\\/cropped-favico.png\",\"width\":512,\"height\":512,\"caption\":\"Drukarnia etykiet Novacode\"},\"image\":{\"@id\":\"https:\\\/\\\/novacode.pl\\\/#\\\/schema\\\/logo\\\/image\\\/\"},\"sameAs\":[\"https:\\\/\\\/www.facebook.com\\\/NovacodeOfficialPage\"]}]}<\/script>\n<!-- \/ Yoast SEO plugin. -->","yoast_head_json":{"title":"Barcode-Scanner - Drukarnia etykiet Novacode","description":"Czytniki kod\u00f3w od producenta Novacode \u27a4 Oferujemy czytniki kod\u00f3w kreskowych i 2D do identyfikacji etykiet | Wysoka jako\u015b\u0107 i profesjonalne wyko\u0144czenie - Sprawd\u017a!","robots":{"index":"index","follow":"follow","max-snippet":"max-snippet:-1","max-image-preview":"max-image-preview:large","max-video-preview":"max-video-preview:-1"},"canonical":"https:\/\/novacode.pl\/de\/produkty\/drucker-etikettenapplikatoren-automation\/barcode-scanner\/","og_locale":"de_DE","og_type":"article","og_title":"Barcode-Scanner - Drukarnia etykiet Novacode","og_description":"Czytniki kod\u00f3w od producenta Novacode \u27a4 Oferujemy czytniki kod\u00f3w kreskowych i 2D do identyfikacji etykiet | Wysoka jako\u015b\u0107 i profesjonalne wyko\u0144czenie - Sprawd\u017a!","og_url":"https:\/\/novacode.pl\/de\/produkty\/drucker-etikettenapplikatoren-automation\/barcode-scanner\/","og_site_name":"Drukarnia etykiet Novacode","article_publisher":"https:\/\/www.facebook.com\/NovacodeOfficialPage","article_modified_time":"2023-10-06T13:07:43+00:00","og_image":[{"width":800,"height":800,"url":"https:\/\/novacode.pl\/wp-content\/uploads\/2022\/04\/zebra-li3608.jpg","type":"image\/jpeg"}],"twitter_card":"summary_large_image","schema":{"@context":"https:\/\/schema.org","@graph":[{"@type":"WebPage","@id":"https:\/\/novacode.pl\/de\/produkty\/drucker-etikettenapplikatoren-automation\/barcode-scanner\/","url":"https:\/\/novacode.pl\/de\/produkty\/drucker-etikettenapplikatoren-automation\/barcode-scanner\/","name":"Barcode-Scanner - Drukarnia etykiet Novacode","isPartOf":{"@id":"https:\/\/novacode.pl\/#website"},"primaryImageOfPage":{"@id":"https:\/\/novacode.pl\/de\/produkty\/drucker-etikettenapplikatoren-automation\/barcode-scanner\/#primaryimage"},"image":{"@id":"https:\/\/novacode.pl\/de\/produkty\/drucker-etikettenapplikatoren-automation\/barcode-scanner\/#primaryimage"},"thumbnailUrl":"https:\/\/novacode.pl\/wp-content\/uploads\/2022\/04\/zebra-li3608.jpg","datePublished":"2022-04-20T13:34:41+00:00","dateModified":"2023-10-06T13:07:43+00:00","description":"Czytniki kod\u00f3w od producenta Novacode \u27a4 Oferujemy czytniki kod\u00f3w kreskowych i 2D do identyfikacji etykiet | Wysoka jako\u015b\u0107 i profesjonalne wyko\u0144czenie - Sprawd\u017a!","breadcrumb":{"@id":"https:\/\/novacode.pl\/de\/produkty\/drucker-etikettenapplikatoren-automation\/barcode-scanner\/#breadcrumb"},"inLanguage":"de","potentialAction":[{"@type":"ReadAction","target":["https:\/\/novacode.pl\/de\/produkty\/drucker-etikettenapplikatoren-automation\/barcode-scanner\/"]}]},{"@type":"ImageObject","inLanguage":"de","@id":"https:\/\/novacode.pl\/de\/produkty\/drucker-etikettenapplikatoren-automation\/barcode-scanner\/#primaryimage","url":"https:\/\/novacode.pl\/wp-content\/uploads\/2022\/04\/zebra-li3608.jpg","contentUrl":"https:\/\/novacode.pl\/wp-content\/uploads\/2022\/04\/zebra-li3608.jpg","width":800,"height":800,"caption":"zebra-li3608 - czytnik kod\u00f3w kreskowych"},{"@type":"BreadcrumbList","@id":"https:\/\/novacode.pl\/de\/produkty\/drucker-etikettenapplikatoren-automation\/barcode-scanner\/#breadcrumb","itemListElement":[{"@type":"ListItem","position":1,"name":"Strona g\u0142\u00f3wna","item":"https:\/\/novacode.pl\/de\/"},{"@type":"ListItem","position":2,"name":"Produkte","item":"https:\/\/novacode.pl\/de\/produkte\/"},{"@type":"ListItem","position":3,"name":"Barcode-Scanner"}]},{"@type":"WebSite","@id":"https:\/\/novacode.pl\/#website","url":"https:\/\/novacode.pl\/","name":"Drukarnia etykiet Novacode","description":"Producent etykiet samoprzylepnych","publisher":{"@id":"https:\/\/novacode.pl\/#organization"},"potentialAction":[{"@type":"SearchAction","target":{"@type":"EntryPoint","urlTemplate":"https:\/\/novacode.pl\/?s={search_term_string}"},"query-input":{"@type":"PropertyValueSpecification","valueRequired":true,"valueName":"search_term_string"}}],"inLanguage":"de"},{"@type":"Organization","@id":"https:\/\/novacode.pl\/#organization","name":"Drukarnia etykiet Novacode","url":"https:\/\/novacode.pl\/","logo":{"@type":"ImageObject","inLanguage":"de","@id":"https:\/\/novacode.pl\/#\/schema\/logo\/image\/","url":"https:\/\/novacode.pl\/wp-content\/uploads\/2022\/03\/cropped-favico.png","contentUrl":"https:\/\/novacode.pl\/wp-content\/uploads\/2022\/03\/cropped-favico.png","width":512,"height":512,"caption":"Drukarnia etykiet Novacode"},"image":{"@id":"https:\/\/novacode.pl\/#\/schema\/logo\/image\/"},"sameAs":["https:\/\/www.facebook.com\/NovacodeOfficialPage"]}]}},"_links":{"self":[{"href":"https:\/\/novacode.pl\/de\/wp-json\/wp\/v2\/product\/5251","targetHints":{"allow":["GET"]}}],"collection":[{"href":"https:\/\/novacode.pl\/de\/wp-json\/wp\/v2\/product"}],"about":[{"href":"https:\/\/novacode.pl\/de\/wp-json\/wp\/v2\/types\/product"}],"wp:featuredmedia":[{"embeddable":true,"href":"https:\/\/novacode.pl\/de\/wp-json\/wp\/v2\/media\/4343"}],"wp:attachment":[{"href":"https:\/\/novacode.pl\/de\/wp-json\/wp\/v2\/media?parent=5251"}],"wp:term":[{"taxonomy":"product_brand","embeddable":true,"href":"https:\/\/novacode.pl\/de\/wp-json\/wp\/v2\/product_brand?post=5251"},{"taxonomy":"product_cat","embeddable":true,"href":"https:\/\/novacode.pl\/de\/wp-json\/wp\/v2\/product_cat?post=5251"},{"taxonomy":"product_tag","embeddable":true,"href":"https:\/\/novacode.pl\/de\/wp-json\/wp\/v2\/product_tag?post=5251"}],"curies":[{"name":"wp","href":"https:\/\/api.w.org\/{rel}","templated":true}]}}